{"id":72,"date":"2014-09-02T20:13:13","date_gmt":"2014-09-02T20:13:13","guid":{"rendered":"http:\/\/endderwelt.ch\/?page_id=72"},"modified":"2025-03-31T19:39:36","modified_gmt":"2025-03-31T19:39:36","slug":"regeln","status":"publish","type":"page","link":"https:\/\/endderwelt.ch\/?page_id=72","title":{"rendered":"REGELWERK"},"content":{"rendered":"<ol>\n<li>\u00a0h\u00f6\u00f6r off ummepusse\u2026 lutsche muesch trotzd\u00e4m<\/li>\n<li>el presidente- gw\u00e4hlt isch dr flo- uf l\u00e4\u00e4bzyte<\/li>\n<li>sitzigsleitig und d glogge hetts jeweilige organisationskomitee<\/li>\n<li>andi isch dr ombudsmaa- uff l\u00e4\u00e4bzyte<\/li>\n<li>OliG isch h\u00fceter vo dr res\u00e4rveglocke-\u00a0uf l\u00e4\u00e4bzyte<\/li>\n<li>Sy isch Chronist-\u00a0uf l\u00e4\u00e4bzyte<\/li>\n<li>Basil isch Protokollf\u00fchrer-\u00a0uf l\u00e4\u00e4bzyte<\/li>\n<li>me \u00e4mtli gits und brunchst nid<\/li>\n<\/ol>\n","protected":false},"excerpt":{"rendered":"<p>\u00a0h\u00f6\u00f6r off ummepusse\u2026 lutsche muesch trotzd\u00e4m el presidente- gw\u00e4hlt isch dr flo- uf l\u00e4\u00e4bzyte sitzigsleitig und d glogge hetts jeweilige organisationskomitee andi isch dr ombudsmaa- uff l\u00e4\u00e4bzyte OliG isch h\u00fceter vo dr res\u00e4rveglocke-\u00a0uf l\u00e4\u00e4bzyte Sy isch Chronist-\u00a0uf l\u00e4\u00e4bzyte Basil isch &hellip; <a href=\"https:\/\/endderwelt.ch\/?page_id=72\">Continue reading <span class=\"meta-nav\">&rarr;<\/span><\/a><\/p>\n","protected":false},"author":1,"featured_media":0,"parent":0,"menu_order":0,"comment_status":"closed","ping_status":"open","template":"","meta":[],"_links":{"self":[{"href":"https:\/\/endderwelt.ch\/index.php?rest_route=\/wp\/v2\/pages\/72"}],"collection":[{"href":"https:\/\/endderwelt.ch\/index.php?rest_route=\/wp\/v2\/pages"}],"about":[{"href":"https:\/\/endderwelt.ch\/index.php?rest_route=\/wp\/v2\/types\/page"}],"author":[{"embeddable":true,"href":"https:\/\/endderwelt.ch\/index.php?rest_route=\/wp\/v2\/users\/1"}],"replies":[{"embeddable":true,"href":"https:\/\/endderwelt.ch\/index.php?rest_route=%2Fwp%2Fv2%2Fcomments&post=72"}],"version-history":[{"count":3,"href":"https:\/\/endderwelt.ch\/index.php?rest_route=\/wp\/v2\/pages\/72\/revisions"}],"predecessor-version":[{"id":199,"href":"https:\/\/endderwelt.ch\/index.php?rest_route=\/wp\/v2\/pages\/72\/revisions\/199"}],"wp:attachment":[{"href":"https:\/\/endderwelt.ch\/index.php?rest_route=%2Fwp%2Fv2%2Fmedia&parent=72"}],"curies":[{"name":"wp","href":"https:\/\/api.w.org\/{rel}","templated":true}]}}